{"id":72,"date":"2020-12-31T03:19:39","date_gmt":"2020-12-31T03:19:39","guid":{"rendered":"https:\/\/danielavidente.com\/?page_id=72"},"modified":"2023-06-06T10:17:56","modified_gmt":"2023-06-06T10:17:56","slug":"avisos-legales","status":"publish","type":"page","link":"https:\/\/danielavidente.com\/index.php\/avisos-legales\/","title":{"rendered":"Avisos Legales"},"content":{"rendered":"<p>Avisos Legales<\/p><p>En el presente Aviso Legal, el Usuario, podr\u00e1 encontrar toda la informaci\u00f3n relativa a las condiciones legales ue denen las relaciones entre los usuarios y el responsable de la p\u00e1gina web accesible en la direcci\u00f3n URL https:\/\/danielavidente.com (en adelante, el sitio web), ue Delay Events SLU pone a disposici\u00f3n de los usuarios de Internet.<\/p><p>La utilizaci\u00f3n del sitio web implica la aceptaci\u00f3n plena y sin reservas de todas y cada una de las disposiciones incluidas en este Aviso Legal. En consecuencia, el usuario del sitio web debe leer atentamente el presente Aviso Legal en cada una de las ocasiones en ue se proponga utilizar la web, ya ue el texto podr\u00eda sufrir modicaciones a criterio del titular de la web, o a causa de un cambio legislativo, jurisprudencial o en la pr\u00e1ctica empresarial.<\/p><p>1.- DATOS DEL RESPONSABLE TITULAR DEL SITIO WEB.<\/p><p>Denominaci\u00f3n: Delay Events SLU<br>CIF: B99458754<br>Direcci\u00f3n: C. del Coso, 66, 74 &#8211; 50.001 Zaragoza<br>Tel\u00e9fono: 976027057<br>Correo electr\u00f3nico:\u00a0info@skytarot.com<\/p><p>Delay Events SLU es el responsable del Sitio Web y se compromete a cumplir con todos los reuisitos nacionales y europeos ue regulan el uso de los datos personales de los usuarios.<\/p><p>Este Sitio Web garantiza la protecci\u00f3n y condencialidad de los datos personales ue nos proporcionen de acuerdo con lo dispuesto en el Reglamento General de Protecci\u00f3n de Datos de Car\u00e1cter Personal (UE) 2016\/679 del Parlamento Europeo y del Consejo, de 27 de abril de 2016, en la Ley Org\u00e1nica 3\/2018, de Protecci\u00f3n de Datos Personales y garant\u00eda de los derechos digitales, as\u00ed como en la Ley de Servicios de la Sociedad de la Informaci\u00f3n y Comercio Electr\u00f3nico 34\/2002 de 11 de Julio (LSSICE)<\/p><p>30\/12\/2020 Avisos Legales &#8211; Tarot y Videncia, Tarotistas buenas, tarot online, predicciones, tarot 24 horas, cartas de tarot<\/p><p>2.- OBJETO.<\/p><p>El sitio web facilita a los usuarios del mismo el acceso a informaci\u00f3n y servicios prestados por Delay Events SLU a auellas personas u organizaciones interesadas en los mismos.<\/p><p>El acceso y la utilizaci\u00f3n del Sitio Web atribuye la condici\u00f3n de usuario del Sitio Web (en adelante, el \u201cUsuario\u201d) e implica la aceptaci\u00f3n de todas las condiciones incluidas en este Aviso Legal as\u00ed como de sus modicaciones. La prestaci\u00f3n del servicio del Sitio Web tiene una duraci\u00f3n limitada al momento en el ue el Usuario se encuentre conectado al Sitio Web o a alguno de los servicios ue a trav\u00e9s del mismo se facilitan. Por tanto, el Usuario debe leer atentamente el presente Aviso Legal en cada una de las ocasiones en ue se proponga utilizar el Sitio Web, ya ue \u00e9ste y sus condiciones de uso recogidas en el presente Aviso Legal pueden sufrir modicaciones.<\/p><p>3.- ACCESO Y UTILIZACI\u00d3N DE LA WEB.<\/p><p>3.1.- Car\u00e1cter gratuito del acceso y utilizaci\u00f3n de la web. El acceso a la web tiene car\u00e1cter gratuito para los usuarios de la misma, salvo en lo relativo al coste de la conexi\u00f3n a trav\u00e9s de la red de telecomunicaciones suministrada por el proveedor de acceso contratado por los usuarios.<br>3.2.- Registro de usuarios. Con car\u00e1cter general el acceso y utilizaci\u00f3n de la web no exige la previa suscripci\u00f3n o registro de los usuarios de la misma.<\/p><p>3.3.- Los usuarios garantizan y responden, en cualuier caso, de la exactitud, vigencia y autenticidad de los datos personales facilitados, y se comprometen a mantenerlos debidamente actualizados. El usuario acepta proporcionar informaci\u00f3n completa y correcta en el formulario de contacto o suscripci\u00f3n.<\/p><p>En ning\u00fan caso se recabar\u00e1n del menor de edad datos relativos a la situaci\u00f3n profesional, econ\u00f3mica o a la intimidad de los otros miembros de la familia, sin el consentimiento de \u00e9stos. Si eres menor de trece a\u00f1os y has accedido a este sitio web sin avisar a tus padres no debes registrarte como usuario.<\/p><p>En esta web se respetan y cuidan los datos personales de los usuarios. Como usuario debes saber ue tus derechos est\u00e1n garantizados.<\/p><p>4.- CONTENIDOS DE LA WEB.<\/p><p>El idioma utilizado por el titular en la web ser\u00e1 el castellano. Delay Events SLU no se responsabiliza de la no comprensi\u00f3n o entendimiento del idioma de la web por el usuario, ni de sus consecuencias.<br>Delay Events SLU podr\u00e1 modicar los contenidos sin previo aviso, as\u00ed como suprimir y cambiar \u00e9stos<\/p><p>30\/12\/2020 Avisos Legales &#8211; Tarot y Videncia, Tarotistas buenas, tarot online, predicciones, tarot 24 horas, cartas de tarot<\/p><p>dentro de la web, como la forma en ue se accede a \u00e9stos, sin justicaci\u00f3n alguna y libremente, no responsabiliz\u00e1ndose de las consecuencias ue los mismos puedan ocasionar a los usuarios.<br>Se proh\u00edbe el uso de los contenidos de la web para promocionar, contratar o divulgar publicidad o informaci\u00f3n propia o de terceras personas sin la autorizaci\u00f3n de Delay Events SLU, ni remitir publicidad o informaci\u00f3n vali\u00e9ndose para ello de los servicios o informaci\u00f3n ue se ponen a disposici\u00f3n de los usuarios, independientemente de si la utilizaci\u00f3n es gratuita o no.<\/p><p>Los enlaces o hiperenlaces ue incorporen terceros en sus p\u00e1ginas web, dirigidos a esta web, ser\u00e1n para la apertura de la p\u00e1gina web completa, no pudiendo manifestar, directa o indirectamente, indicaciones falsas, inexactas o confusas, ni incurrir en acciones desleales o il\u00edcitas en contra de Delay Events SLU<\/p><p>5.- MEDIDAS DE SEGURIDAD.<\/p><p>Los datos personales comunicados por el usuario podr\u00e1n ser almacenados en bases de datos automatizadas o no, cuya titularidad corresponde en exclusiva a Delay Events SLU, asumiendo todas las medidas de \u00edndole t\u00e9cnica, organizativa y de seguridad ue garanticen la condencialidad, integridad y calidad de la informaci\u00f3n contenida en las mismas de acuerdo con lo establecido en las normativas vigentes en materia de protecci\u00f3n de datos de car\u00e1cter personal.<\/p><p>6.- LIMITACI\u00d3N DE RESPONSABILIDAD.<\/p><p>Tanto el acceso a la web como el uso no consentido ue pueda efectuarse de la informaci\u00f3n contenida en la misma es de la exclusiva responsabilidad de uien lo realiza. Delay Events SLU no responder\u00e1 de ninguna consecuencia, da\u00f1o o perjuicio ue pudieran derivarse de dicho acceso o uso. Delay Events SLU no se hace responsable de los errores de seguridad, ue se puedan producir ni de los da\u00f1os ue puedan causarse al sistema inform\u00e1tico del usuario (hardware y soware), o a los cheros o documentos almacenados en el mismo, como consecuencia de:<\/p><p>\u2013 la presencia de un virus en el ordenador del usuario ue sea utilizado para la conexi\u00f3n a los servicios y contenidos de la web.<br>\u2013 un mal funcionamiento del navegador.<br>\u2013 y\/o del uso de versiones no actualizadas del mismo.<\/p><p>Delay Events SLU no se hace responsable de la abilidad y rapidez de los hiperenlaces ue se incorporen en la web para la apertura de otras. Delay Events SLU no garantiza la utilidad de estos enlaces, ni se responsabiliza de los contenidos o servicios a los ue pueda acceder el usuario por medio de estos enlaces, ni del buen funcionamiento de estas webs.<\/p><p>Delay Events SLU no ser\u00e1 responsable de los virus o dem\u00e1s programas inform\u00e1ticos ue deterioren o<\/p><p>30\/12\/2020 Avisos Legales &#8211; Tarot y Videncia, Tarotistas buenas, tarot online, predicciones, tarot 24 horas, cartas de tarot<\/p><p>puedan deteriorar los sistemas o euipos inform\u00e1ticos de los usuarios al acceder a su web u otras webs a las ue se haya accedido mediante enlaces de esta web.<\/p><p>7.- EMPLEO DE LA TECNOLOG\u00cdA \u00abCOOKIE\u00bb.<\/p><p>El Sitio Web puede emplear cookies o tecnolog\u00edas similares ue se regir\u00e1n por lo establecido en la Pol\u00edtica de Cookies, accesible en todo momento y respetando la condencialidad e intimidad del usuario, siendo parte integrante del presente Aviso Legal.<\/p><p>8.- NAVEGACI\u00d3N.<\/p><p>Los servidores de Internet pueden recoger datos no identicables, ue puedan incluir, direcciones IP, y otros datos ue no pueden ser utilizados para identicar al usuario. Su direcci\u00f3n IP se almacenar\u00e1 en los logs de acceso de forma autom\u00e1tica y con la \u00fanica nalidad de permitir el tr\u00e1nsito por Internet, siendo necesario ue su euipo facilite esta direcci\u00f3n IP cuando navega por Internet para ue las comunicaciones puedan realizarse. As\u00ed mismo, la direcci\u00f3n IP podr\u00e1 ser utilizada para realizar estad\u00edsticas, de manera anonimizada, sobre el n\u00famero de visitantes de esta web y su procedencia, de forma totalmente transparente a su navegaci\u00f3n.<\/p><p>9.- PROPIEDAD INTELECTUAL E INDUSTRIAL<\/p><p>El usuario conoce y acepta ue todos los contenidos y\/o cualesuiera otros elementos del sitio web son propiedad de Delay Events SLU, y se compromete a respetar los derechos de propiedad intelectual e industrial titularidad de Delay Events SLU. Cualuier uso de la web o sus contenidos deber\u00e1 tener un car\u00e1cter exclusivamente particular.<\/p><p>Est\u00e1 reservado exclusivamente a Delay Events SLU, cualuier otro uso ue suponga la copia, reproducci\u00f3n, distribuci\u00f3n, transformaci\u00f3n, comunicaci\u00f3n p\u00fablica o cualuier otra acci\u00f3n similar, de todo o parte de los contenidos de la web, por lo ue ning\u00fan usuario podr\u00e1 llevar a cabo estas acciones sin la autorizaci\u00f3n previa y por escrito de Delay Events SLU<\/p><p>10.- LEGISLACI\u00d3N APLICABLE Y JURISDICCI\u00d3N COMPETENTE<\/p><p>El presente Aviso Legal se interpretar\u00e1 y regir\u00e1 de conformidad con la legislaci\u00f3n espa\u00f1ola. Delay Events SLU y los usuarios, con renuncia expresa a cualquier otro fuero ue pudiera corresponderles, se someten<\/p><p>30\/12\/2020 Avisos Legales &#8211; Tarot y Videncia, Tarotistas buenas, tarot online, predicciones, tarot 24 horas, cartas de tarot<\/p><p>al de los juzgados y tribunales del domicilio del usuario para cualuier controversia ue pudiera derivarse del acceso o uso de la web. En el caso de ue el usuario tenga su domicilio fuera de Espa\u00f1a, Delay Events SLU y el usuario, se someten, con renuncia expresa a cualuier otro fuero, a los juzgados y tribunales del domicilio de Zaragoza<\/p>","protected":false},"excerpt":{"rendered":"<p>Avisos Legales En el presente Aviso Legal, el Usuario, podr\u00e1 encontrar toda la informaci\u00f3n relativa a las condiciones legales ue denen las relaciones entre los usuarios y el responsable de la p\u00e1gina web accesible en la direcci\u00f3n URL https:\/\/danielavidente.com (en adelante, el sitio web), ue Delay Events SLU pone a disposici\u00f3n de los usuarios de&hellip;&nbsp;<a href=\"https:\/\/danielavidente.com\/index.php\/avisos-legales\/\" rel=\"bookmark\">Leer m\u00e1s &raquo;<span class=\"screen-reader-text\">Avisos Legales<\/span><\/a><\/p>\n","protected":false},"author":1,"featured_media":0,"parent":0,"menu_order":0,"comment_status":"closed","ping_status":"closed","template":"","meta":{"neve_meta_sidebar":"full-width","neve_meta_container":"","neve_meta_enable_content_width":"on","neve_meta_content_width":100,"neve_meta_title_alignment":"","neve_meta_author_avatar":"","neve_post_elements_order":"","neve_meta_disable_header":"","neve_meta_disable_footer":"","neve_meta_disable_title":"","footnotes":""},"class_list":["post-72","page","type-page","status-publish","hentry"],"aioseo_notices":[],"jetpack_sharing_enabled":true,"_links":{"self":[{"href":"https:\/\/danielavidente.com\/index.php\/wp-json\/wp\/v2\/pages\/72","targetHints":{"allow":["GET"]}}],"collection":[{"href":"https:\/\/danielavidente.com\/index.php\/wp-json\/wp\/v2\/pages"}],"about":[{"href":"https:\/\/danielavidente.com\/index.php\/wp-json\/wp\/v2\/types\/page"}],"author":[{"embeddable":true,"href":"https:\/\/danielavidente.com\/index.php\/wp-json\/wp\/v2\/users\/1"}],"replies":[{"embeddable":true,"href":"https:\/\/danielavidente.com\/index.php\/wp-json\/wp\/v2\/comments?post=72"}],"version-history":[{"count":6,"href":"https:\/\/danielavidente.com\/index.php\/wp-json\/wp\/v2\/pages\/72\/revisions"}],"predecessor-version":[{"id":427,"href":"https:\/\/danielavidente.com\/index.php\/wp-json\/wp\/v2\/pages\/72\/revisions\/427"}],"wp:attachment":[{"href":"https:\/\/danielavidente.com\/index.php\/wp-json\/wp\/v2\/media?parent=72"}],"curies":[{"name":"wp","href":"https:\/\/api.w.org\/{rel}","templated":true}]}}